{"id":16,"date":"2021-09-02T02:52:05","date_gmt":"2021-09-02T02:52:05","guid":{"rendered":"https:\/\/blog.centroescolaremeritense.edu.mx\/?page_id=16"},"modified":"2021-09-02T02:52:05","modified_gmt":"2021-09-02T02:52:05","slug":"contacto","status":"publish","type":"page","link":"https:\/\/blog.centroescolaremeritense.edu.mx\/index.php\/contacto\/","title":{"rendered":"Contacto"},"content":{"rendered":"\n<p>Esta es una p\u00e1gina con informaci\u00f3n de contacto b\u00e1sica, como la direcci\u00f3n y el n\u00famero de tel\u00e9fono. Incluso puedes probar un plugin para a\u00f1adir un formulario de contacto.<\/p>\n","protected":false},"excerpt":{"rendered":"<p>Esta es una p\u00e1gina con informaci\u00f3n de contacto b\u00e1sica, como la direcci\u00f3n y el n\u00famero de tel\u00e9fono. Incluso puedes probar<\/p>\n","protected":false},"author":1,"featured_media":0,"parent":0,"menu_order":0,"comment_status":"closed","ping_status":"closed","template":"page-templates\/contact.php","meta":{"footnotes":""},"class_list":["post-16","page","type-page","status-publish","hentry"],"yoast_head":"<!-- This site is optimized with the Yoast SEO plugin v19.4 - https:\/\/yoast.com\/wordpress\/plugins\/seo\/ -->\n<title>Contacto - Centro Escolar Emeritense<\/title>\n<meta name=\"robots\" content=\"index, follow, max-snippet:-1, max-image-preview:large, max-video-preview:-1\" \/>\n<link rel=\"canonical\" href=\"https:\/\/blog.centroescolaremeritense.edu.mx\/index.php\/contacto\/\" \/>\n<meta property=\"og:locale\" content=\"es_ES\" \/>\n<meta property=\"og:type\" content=\"article\" \/>\n<meta property=\"og:title\" content=\"Contacto - Centro Escolar Emeritense\" \/>\n<meta property=\"og:description\" content=\"Esta es una p\u00e1gina con informaci\u00f3n de contacto b\u00e1sica, como la direcci\u00f3n y el n\u00famero de tel\u00e9fono. Incluso puedes probar\" \/>\n<meta property=\"og:url\" content=\"https:\/\/blog.centroescolaremeritense.edu.mx\/index.php\/contacto\/\" \/>\n<meta property=\"og:site_name\" content=\"Centro Escolar Emeritense\" \/>\n<meta name=\"twitter:card\" content=\"summary_large_image\" \/>\n<script type=\"application\/ld+json\" class=\"yoast-schema-graph\">{\"@context\":\"https:\/\/schema.org\",\"@graph\":[{\"@type\":\"Organization\",\"@id\":\"https:\/\/blog.centroescolaremeritense.edu.mx\/#organization\",\"name\":\"Centro Escolar Emeritense\",\"url\":\"https:\/\/blog.centroescolaremeritense.edu.mx\/\",\"sameAs\":[],\"logo\":{\"@type\":\"ImageObject\",\"inLanguage\":\"es\",\"@id\":\"https:\/\/blog.centroescolaremeritense.edu.mx\/#\/schema\/logo\/image\/\",\"url\":\"https:\/\/blog.centroescolaremeritense.edu.mx\/wp-content\/uploads\/2021\/09\/logoCEE-e1630551266860.png\",\"contentUrl\":\"https:\/\/blog.centroescolaremeritense.edu.mx\/wp-content\/uploads\/2021\/09\/logoCEE-e1630551266860.png\",\"width\":213,\"height\":180,\"caption\":\"Centro Escolar Emeritense\"},\"image\":{\"@id\":\"https:\/\/blog.centroescolaremeritense.edu.mx\/#\/schema\/logo\/image\/\"}},{\"@type\":\"WebSite\",\"@id\":\"https:\/\/blog.centroescolaremeritense.edu.mx\/#website\",\"url\":\"https:\/\/blog.centroescolaremeritense.edu.mx\/\",\"name\":\"Centro Escolar Emeritense\",\"description\":\"Primaria - Maternal - Kinder\",\"publisher\":{\"@id\":\"https:\/\/blog.centroescolaremeritense.edu.mx\/#organization\"},\"potentialAction\":[{\"@type\":\"SearchAction\",\"target\":{\"@type\":\"EntryPoint\",\"urlTemplate\":\"https:\/\/blog.centroescolaremeritense.edu.mx\/?s={search_term_string}\"},\"query-input\":\"required name=search_term_string\"}],\"inLanguage\":\"es\"},{\"@type\":\"WebPage\",\"@id\":\"https:\/\/blog.centroescolaremeritense.edu.mx\/index.php\/contacto\/\",\"url\":\"https:\/\/blog.centroescolaremeritense.edu.mx\/index.php\/contacto\/\",\"name\":\"Contacto - Centro Escolar Emeritense\",\"isPartOf\":{\"@id\":\"https:\/\/blog.centroescolaremeritense.edu.mx\/#website\"},\"datePublished\":\"2021-09-02T02:52:05+00:00\",\"dateModified\":\"2021-09-02T02:52:05+00:00\",\"breadcrumb\":{\"@id\":\"https:\/\/blog.centroescolaremeritense.edu.mx\/index.php\/contacto\/#breadcrumb\"},\"inLanguage\":\"es\",\"potentialAction\":[{\"@type\":\"ReadAction\",\"target\":[\"https:\/\/blog.centroescolaremeritense.edu.mx\/index.php\/contacto\/\"]}]},{\"@type\":\"BreadcrumbList\",\"@id\":\"https:\/\/blog.centroescolaremeritense.edu.mx\/index.php\/contacto\/#breadcrumb\",\"itemListElement\":[{\"@type\":\"ListItem\",\"position\":1,\"name\":\"Portada\",\"item\":\"https:\/\/blog.centroescolaremeritense.edu.mx\/\"},{\"@type\":\"ListItem\",\"position\":2,\"name\":\"Contacto\"}]}]}<\/script>\n<!-- \/ Yoast SEO plugin. -->","yoast_head_json":{"title":"Contacto - Centro Escolar Emeritense","robots":{"index":"index","follow":"follow","max-snippet":"max-snippet:-1","max-image-preview":"max-image-preview:large","max-video-preview":"max-video-preview:-1"},"canonical":"https:\/\/blog.centroescolaremeritense.edu.mx\/index.php\/contacto\/","og_locale":"es_ES","og_type":"article","og_title":"Contacto - Centro Escolar Emeritense","og_description":"Esta es una p\u00e1gina con informaci\u00f3n de contacto b\u00e1sica, como la direcci\u00f3n y el n\u00famero de tel\u00e9fono. Incluso puedes probar","og_url":"https:\/\/blog.centroescolaremeritense.edu.mx\/index.php\/contacto\/","og_site_name":"Centro Escolar Emeritense","twitter_card":"summary_large_image","schema":{"@context":"https:\/\/schema.org","@graph":[{"@type":"Organization","@id":"https:\/\/blog.centroescolaremeritense.edu.mx\/#organization","name":"Centro Escolar Emeritense","url":"https:\/\/blog.centroescolaremeritense.edu.mx\/","sameAs":[],"logo":{"@type":"ImageObject","inLanguage":"es","@id":"https:\/\/blog.centroescolaremeritense.edu.mx\/#\/schema\/logo\/image\/","url":"https:\/\/blog.centroescolaremeritense.edu.mx\/wp-content\/uploads\/2021\/09\/logoCEE-e1630551266860.png","contentUrl":"https:\/\/blog.centroescolaremeritense.edu.mx\/wp-content\/uploads\/2021\/09\/logoCEE-e1630551266860.png","width":213,"height":180,"caption":"Centro Escolar Emeritense"},"image":{"@id":"https:\/\/blog.centroescolaremeritense.edu.mx\/#\/schema\/logo\/image\/"}},{"@type":"WebSite","@id":"https:\/\/blog.centroescolaremeritense.edu.mx\/#website","url":"https:\/\/blog.centroescolaremeritense.edu.mx\/","name":"Centro Escolar Emeritense","description":"Primaria - Maternal - Kinder","publisher":{"@id":"https:\/\/blog.centroescolaremeritense.edu.mx\/#organization"},"potentialAction":[{"@type":"SearchAction","target":{"@type":"EntryPoint","urlTemplate":"https:\/\/blog.centroescolaremeritense.edu.mx\/?s={search_term_string}"},"query-input":"required name=search_term_string"}],"inLanguage":"es"},{"@type":"WebPage","@id":"https:\/\/blog.centroescolaremeritense.edu.mx\/index.php\/contacto\/","url":"https:\/\/blog.centroescolaremeritense.edu.mx\/index.php\/contacto\/","name":"Contacto - Centro Escolar Emeritense","isPartOf":{"@id":"https:\/\/blog.centroescolaremeritense.edu.mx\/#website"},"datePublished":"2021-09-02T02:52:05+00:00","dateModified":"2021-09-02T02:52:05+00:00","breadcrumb":{"@id":"https:\/\/blog.centroescolaremeritense.edu.mx\/index.php\/contacto\/#breadcrumb"},"inLanguage":"es","potentialAction":[{"@type":"ReadAction","target":["https:\/\/blog.centroescolaremeritense.edu.mx\/index.php\/contacto\/"]}]},{"@type":"BreadcrumbList","@id":"https:\/\/blog.centroescolaremeritense.edu.mx\/index.php\/contacto\/#breadcrumb","itemListElement":[{"@type":"ListItem","position":1,"name":"Portada","item":"https:\/\/blog.centroescolaremeritense.edu.mx\/"},{"@type":"ListItem","position":2,"name":"Contacto"}]}]}},"_links":{"self":[{"href":"https:\/\/blog.centroescolaremeritense.edu.mx\/index.php\/wp-json\/wp\/v2\/pages\/16","targetHints":{"allow":["GET"]}}],"collection":[{"href":"https:\/\/blog.centroescolaremeritense.edu.mx\/index.php\/wp-json\/wp\/v2\/pages"}],"about":[{"href":"https:\/\/blog.centroescolaremeritense.edu.mx\/index.php\/wp-json\/wp\/v2\/types\/page"}],"author":[{"embeddable":true,"href":"https:\/\/blog.centroescolaremeritense.edu.mx\/index.php\/wp-json\/wp\/v2\/users\/1"}],"replies":[{"embeddable":true,"href":"https:\/\/blog.centroescolaremeritense.edu.mx\/index.php\/wp-json\/wp\/v2\/comments?post=16"}],"version-history":[{"count":1,"href":"https:\/\/blog.centroescolaremeritense.edu.mx\/index.php\/wp-json\/wp\/v2\/pages\/16\/revisions"}],"predecessor-version":[{"id":24,"href":"https:\/\/blog.centroescolaremeritense.edu.mx\/index.php\/wp-json\/wp\/v2\/pages\/16\/revisions\/24"}],"wp:attachment":[{"href":"https:\/\/blog.centroescolaremeritense.edu.mx\/index.php\/wp-json\/wp\/v2\/media?parent=16"}],"curies":[{"name":"wp","href":"https:\/\/api.w.org\/{rel}","templated":true}]}}